{"id":926,"date":"2020-11-06T12:15:30","date_gmt":"2020-11-06T11:15:30","guid":{"rendered":"https:\/\/www.champagnewarisetfilles.com\/conditions-generales-de-vente\/"},"modified":"2020-11-27T11:21:29","modified_gmt":"2020-11-27T10:21:29","slug":"conditions-generales-de-vente","status":"publish","type":"page","link":"https:\/\/www.champagnewarisetfilles.com\/en\/conditions-generales-de-vente\/","title":{"rendered":"Conditions G\u00e9n\u00e9rales de Vente"},"content":{"rendered":"<div class=\"wpb-content-wrapper\"><p>[vc_row css_animation=&#8221;&#8221; row_type=&#8221;row&#8221; use_row_as_full_screen_section=&#8221;no&#8221; type=&#8221;full_width&#8221; angled_section=&#8221;no&#8221; text_align=&#8221;left&#8221; background_image_as_pattern=&#8221;without_pattern&#8221; el_class=&#8221;txt_mentionslegales&#8221; z_index=&#8221;&#8221;][vc_column css=&#8221;.vc_custom_1604661451560{padding-bottom: 60px !important;}&#8221;][vc_column_text]Exp\u00e9dition en cartons de 6 bouteilles.<br \/>\nR\u00e8glement au comptant net sans escompte \u00e0 r\u00e9ception de facture.<br \/>\nNous nous r\u00e9servons la propri\u00e9t\u00e9 des marchandises fournies jusqu\u2019au dernier jour de leur parfait paiement (loi du 12-05-1980).<br \/>\nLes exp\u00e9ditions \u00e9tant remises en bon \u00e9tat au transporteur, il vous appartient de faire les r\u00e9serves d\u2019usage au moment de la livraison (Gel\u00e9e, bris, vols et autres).<br \/>\nNos ventes sont soumises \u00e0 la l\u00e9gislation fran\u00e7aise. Il est express\u00e9ment attribu\u00e9 comp\u00e9tence au Tribunal de Grande Instance du domicile du vendeur.<\/p>\n<p>&nbsp;<\/p>\n<h3>Si\u00e8ge social :<\/h3>\n<p><strong>6 Rue d&#8217;Oger &#8211; 51190 AVIZE<\/strong><br \/>\n<strong>Tel : 06.07.26.04.96<\/strong><br \/>\n<strong><a href=\"mailto:contacts@champagnewarisetfilles.com\">contacts@champagnewarisetfilles.com<\/a><\/strong><br \/>\n<strong><a href=\"https:\/\/www.champagnewarisetfilles.com\/\">www.champagnewarisetfilles.com<\/a><\/strong><br \/>\nRCS Reims 498 761 402 000 11 * TVA : FR 48 498 761 402 * APE : 0161Z *<br \/>\nN\u00b0 CIVC : NM-653-001<\/p>\n<p>&nbsp;<\/p>\n<h3>D\u00e9p\u00f4t Bouches du Rh\u00f4ne :<\/h3>\n<p>Champagne WARIS ET FILLES<br \/>\nLe Mazet des Glauges<br \/>\nRoute d&#8217;Aureille<br \/>\n13430 EYGUI ERES<br \/>\nTel : 06.07.26.04.96<\/p>\n<p>&nbsp;<\/p>\n<h3>D\u00e9p\u00f4t H\u00e9rault<\/h3>\n<p>Champagne WARIS ET FILLES<br \/>\nDomaine de Montmarin<br \/>\n(D28 entre Bessan et B\u00e9ziers)<br \/>\n34290 MONTBLANC<br \/>\nTel : 06.07.26.04.96<\/p>\n<p>&nbsp;<\/p>\n<p>Soucieux de vous satisfaire, nous nous tenons \u00e0 votre disposition, et vous remercions par avance de bien vouloir prendre contact avec nous avant votre venue.[\/vc_column_text][\/vc_column][\/vc_row][vc_row css_animation=&#8221;&#8221; row_type=&#8221;row&#8221; use_row_as_full_screen_section=&#8221;no&#8221; type=&#8221;full_width&#8221; angled_section=&#8221;no&#8221; text_align=&#8221;left&#8221; background_image_as_pattern=&#8221;without_pattern&#8221; el_class=&#8221;txt_mentionslegales&#8221; z_index=&#8221;&#8221;][vc_column css=&#8221;.vc_custom_1606472374073{padding-bottom: 60px !important;}&#8221;][vc_column_text]<\/p>\n<h3>Article 1 : Champ d&#8217;application<\/h3>\n<p>Toutes nos ventes sont r\u00e9gies par les pr\u00e9sentes conditions g\u00e9n\u00e9rales de vente qui pr\u00e9valent sur toute condition d&#8217;achat, sauf stipulation d\u00e9rogatoire expresse.<\/p>\n<p>&nbsp;<\/p>\n<h3>Article 2 : Prix<\/h3>\n<p>Les prix applicables sont en vigueur au jour de la prise de commande et figurent sur le bar\u00e8me ci-contre, libell\u00e9s en euros.<br \/>\nlls s&#8217;entendent a d\u00e9part &#8220;cellier&#8221;, le transport \u00e9tant a la charge de l&#8217;acheteur.<br \/>\nSauf accord entre les parties, le r\u00e8glement s&#8217;effectue \u00e0 la commande.<br \/>\nAucun escompte ne sera consenti en cas de paiement anticip\u00e9.<br \/>\nEn application des dispositions l\u00e9gales, tout r\u00e8glement intervenant apr\u00e8s la date de paiement figurant sur la facture entra\u00eenera le paiement de p\u00e9nalit\u00e9s de retard dont le montant est \u00e9gal \u00e0 trois fois le taux de l&#8217;int\u00e9r\u00eat, l\u00e9gal, ainsi qu&#8217;une indemnit\u00e9 forfaitaire pour frais de recouvrement d&#8217;un montant de 40 \u20ac. Ces p\u00e9nalit\u00e9s sont exigibles sans qu&#8217;un rappel soit n\u00e9cessaire. En outre, l&#8217;ensemble des frais de mise en recouvrement seront mis \u00e0 la charge de l&#8217;acheteur.<\/p>\n<p>&nbsp;<\/p>\n<h3>Article 3 : R\u00e9serve de propri\u00e9t\u00e9<\/h3>\n<p>Le vendeur conserve la propri\u00e9t\u00e9 des biens vendus jusqu&#8217;\u00e0 complet paiement du prix par le client, en principal et accessoires. Toutefois, d\u00e8s la livraison, les risques de perte ou de d\u00e9t\u00e9rioration sont transf\u00e9r\u00e9s \u00e0 l&#8217;acheteur.<\/p>\n<p>&nbsp;<\/p>\n<h3>Article 4 : Livraison<\/h3>\n<p>La livraison est effectu\u00e9e :<br \/>\n&#8211; soit par la remise directe de la marchandise \u00e0 l&#8217;acheteur<br \/>\n&#8211; soit au lieu indiqu\u00e9 par l&#8217;acheteur sur le bon de commande. Nos vins voyagent aux risques et p\u00e9rils du destinataire, m\u00eame en cas d&#8217;exp\u00e9dition franco. Le vendeur ne pourra \u00eatre tenu pour responsable en cas d&#8217;avarie, de perte, de vol ou de colis d\u00e9fectueux. En cons\u00e9quence, les clients sont invit\u00e9s \u00e0 v\u00e9rifier les colis \u00e0 leur r\u00e9ception et \u00e0 notifier toute r\u00e9serve au transporteur, par lettre recommand\u00e9e dans les trois jours ouvrables qui suivent la r\u00e9ception de la marchandise.<\/p>\n<p>&nbsp;<\/p>\n<h3>Article 5 : Litiges<\/h3>\n<p>Nos ventes sont soumises \u00e0 la l\u00e9gislation fran\u00e7aise.<br \/>\nll est express\u00e9ment attribu\u00e9 comp\u00e9tence au tribunal de grande instance du domicile du vendeur. (Tribunal de commerce de Reims).[\/vc_column_text][\/vc_column][\/vc_row][vc_row css_animation=&#8221;&#8221; row_type=&#8221;row&#8221; use_row_as_full_screen_section=&#8221;no&#8221; type=&#8221;full_width&#8221; angled_section=&#8221;no&#8221; text_align=&#8221;left&#8221; background_image_as_pattern=&#8221;without_pattern&#8221; el_class=&#8221;txt_mentionslegales&#8221; z_index=&#8221;&#8221;][vc_column css=&#8221;.vc_custom_1604661451560{padding-bottom: 60px !important;}&#8221;][vc_column_text]<\/p>\n<h3>Conseils<\/h3>\n<p><strong>Conseils de conservation du Champagne :<\/strong> \u00ab\u00a0Le Champagne doit \u00eatre tenu couch\u00e9 dans un endroit frais, \u00e0 l&#8217;abri de la lumi\u00e8re. La conservation de la mousse d\u00e9pend en effet de cette position constante des bouteilles. Nous employons des bouchons de li\u00e8ge de 1<sup>er<\/sup> choix et, apr\u00e8s un certain temps de bouchage, ils ne reprennent plus leurs formes initiales\u00a0: ceci ne nuit pas \u00e0 la qualit\u00e9 du Champagne. \u00bb<\/p>\n<p><strong>Conseils pour servir le Champagne\u00a0:<\/strong> \u00ab\u00a0<u>SERVEZ LE CHAMPAGNE FRAIS\u00a0!<\/u>, mais non glac\u00e9. La temp\u00e9rature id\u00e9ale est de 6\u00b0 \u00e0 8\u00b0. Evitez le s\u00e9jour prolong\u00e9 dans le r\u00e9frig\u00e9rateur qui casserait le vin. Pr\u00e9f\u00e9rez-lui le seau \u00e0 demi rempli de glace et d\u2019eau. \u00bb<\/p>\n<p><strong>Livraison et transport de la marchandise\u00a0:<\/strong> risque et frais de transport\u00a0: \u00ab\u00a0Les vins voyagent aux risques et p\u00e9rils du destinataire. Nous recommandons de v\u00e9rifier le nombre et le contenu des cartons \u00e0 la livraison, m\u00eame si ces derniers paraissent en bon \u00e9tat. En cas d\u2019anomalie de livraison, il appartient au destinataire de faires des r\u00e9serves d\u2019usages aupr\u00e8s du transporteur, seul responsable. Sans garantie contre les cons\u00e9quences de la gel\u00e9e ou d\u2019un stockage d\u00e9fectueux.\u00a0\u00bb<\/p>\n<p><strong>Clause de non-usage de go\u00fbter avant d\u2019acheter\u00a0:<\/strong> \u00ab\u00a0Par le seul fait de nous passer commande, nos acheteurs renoncent express\u00e9ment au b\u00e9n\u00e9fice de l\u2019Article 1587 du Code Civil.\u00a0\u00bb<\/p>\n<p>&nbsp;<\/p>\n<h3>Le cas particulier des ventes par internet<\/h3>\n<p>Dans un premier temps, il faut reprendre les m\u00eames conditions que sur les factures, mais il faut aussi y ajouter certaines choses. Voici les conditions \u00e0 ajouter\u00a0:<\/p>\n<ul>\n<li><strong>La date limite<\/strong> \u00e0 laquelle le vendeur s\u2019engage \u00e0 livrer le bien, quel que soit le montant de la commande. Le d\u00e9lai de livraison peut varier en fonction de l\u2019adresse de l\u2019acheteur. Pr\u00e9cision\u00a0: quand le d\u00e9lai est d\u00e9pass\u00e9 de plus de 7 jours, le consommateur peut r\u00e9silier le contrat par lettre recommand\u00e9 et obtenir un remboursement.<\/li>\n<li><strong>Le vendeur doit fournir des coordonn\u00e9es t\u00e9l\u00e9phoniques<\/strong> permettant r\u00e9ellement de le joindre, moyennant un tarif normal.<\/li>\n<li><strong>Mentionner le d\u00e9lai de r\u00e9tractation<\/strong> possible selon l\u2019article L 221-20 du Code de consommation (au minimum 7 jours \u00e0 compter de la livraison pour le retour du produit, pour \u00e9change ou remboursement) Attention\u00a0: il faut noter que s\u2019il y a r\u00e9tractation, me vendeur est oblig\u00e9 de rembourser le consommateur dans les 30 jours. Au-del\u00e0, la somme est productive d\u2019int\u00e9r\u00eats au taux l\u00e9gal en vigueur.<\/li>\n<li><strong>Indiquer les conditions de paiement<\/strong> (virement, ch\u00e8que, CB, PayPal\u2026.) + indiquer comment les virements et paiements par CB sont s\u00e9curis\u00e9s (via\u2026) + ajouter quelles CB sont accept\u00e9es.<\/li>\n<li><strong>Mention sur les tarifs\u00a0:<\/strong> possible d\u2019ins\u00e9rer la grille tarifaire dans les conditions g\u00e9n\u00e9rales de vente, ou tout simplement d\u2019indiquer que \u00ab\u00a0Les prix figurant sur le site sont des prix TTC en euros, tenant de la TVA applicable au jour de la commande uniquement pour la France m\u00e9tropolitaine (ou pas), tout changement de taux de taux pourra \u00eatre r\u00e9percut\u00e9 sur le prix des produits ou service\u00a0\u00bb\u00a0\u00a0\u2026\u00a0\u00ab Les prix indiqu\u00e9s ne comprennent pas les frais de transports\u00a0\u00bb<\/li>\n<li><strong>Mention sur le mode de commande\u00a0:<\/strong> rappeler que toute personne d\u00e9sirant acheter un produit sur le site doit avant tout remplir une fiche d\u2019identification mentionnant ses coordonn\u00e9es, toute personne \u00e0 la responsabilit\u00e9 de v\u00e9rifier attentivement sa commande avant paiement, etc\u2026 et ajouter\u00a0: \u00ab\u00a0le vendeur se r\u00e9serve le droit d\u2019accepter ou non la commande et d\u2019\u00e9mettre des r\u00e9serves, notamment en cas d\u2019indisponibilit\u00e9 du produit\u00a0\u00bb.<\/li>\n<\/ul>\n<p>&nbsp;<\/p>\n<p>II ne faut pas perdre de vue le fait que, d&#8217;autant plus sur internet, les conditions g\u00e9n\u00e9rales de vente sont un v\u00e9ritable contrat pass\u00e9 entre l&#8217;acheteur et le vendeur, d&#8217;o\u00f9 le besoin d&#8217;\u00eatre tr\u00e8s complet et pr\u00e9cis afin de faire face \u00e0 tout conflit \u00e9ventuel.<\/p>\n<p>Pour qu&#8217;elles lui soient opposables, <strong>les conditions g\u00e9n\u00e9rales de vente doivent avoir \u00e9t\u00e9 lues par l\u2019acheteur<\/strong>. Autrement dit, il faut pr\u00e9voir que l&#8217;acheteur ne puisse pas valider sa commande s&#8217;il n&#8217;a pas ouvert le lien &#8220;conditions g\u00e9n\u00e9rales de vente&#8221;, et <strong>s\u2019il n\u2019a pas coch\u00e9 une case indiquant qu\u2019il les accepte<\/strong>.[\/vc_column_text][\/vc_column][\/vc_row]<\/p>\n<\/div>","protected":false},"excerpt":{"rendered":"<p>[vc_row css_animation=&#8221;&#8221; row_type=&#8221;row&#8221; use_row_as_full_screen_section=&#8221;no&#8221; type=&#8221;full_width&#8221; angled_section=&#8221;no&#8221; text_align=&#8221;left&#8221; background_image_as_pattern=&#8221;without_pattern&#8221; el_class=&#8221;txt_mentionslegales&#8221; z_index=&#8221;&#8221;][vc_column css=&#8221;.vc_custom_1604661451560{padding-bottom: 60px !important;}&#8221;][vc_column_text]Exp\u00e9dition en cartons de 6 bouteilles. R\u00e8glement au comptant net sans escompte \u00e0 r\u00e9ception de facture. Nous nous r\u00e9servons la propri\u00e9t\u00e9 des marchandises fournies jusqu\u2019au dernier jour de leur parfait paiement (loi du&#8230;<\/p>\n","protected":false},"author":1,"featured_media":0,"parent":0,"menu_order":0,"comment_status":"closed","ping_status":"closed","template":"","meta":{"_acf_changed":false,"inline_featured_image":false,"footnotes":""},"class_list":["post-926","page","type-page","status-publish","hentry"],"acf":[],"yoast_head":"<!-- This site is optimized with the Yoast SEO plugin v27.1.1 - https:\/\/yoast.com\/product\/yoast-seo-wordpress\/ -->\n<title>Conditions G\u00e9n\u00e9rales de Vente - Champagne Waris &amp; Filles<\/title>\n<meta name=\"robots\" content=\"index, follow, max-snippet:-1, max-image-preview:large, max-video-preview:-1\" \/>\n<link rel=\"canonical\" href=\"https:\/\/www.champagnewarisetfilles.com\/en\/conditions-generales-de-vente\/\" \/>\n<meta property=\"og:locale\" content=\"en_US\" \/>\n<meta property=\"og:type\" content=\"article\" \/>\n<meta property=\"og:title\" content=\"Conditions G\u00e9n\u00e9rales de Vente - Champagne Waris &amp; Filles\" \/>\n<meta property=\"og:description\" content=\"[vc_row css_animation=&#8221;&#8221; row_type=&#8221;row&#8221; use_row_as_full_screen_section=&#8221;no&#8221; type=&#8221;full_width&#8221; angled_section=&#8221;no&#8221; text_align=&#8221;left&#8221; background_image_as_pattern=&#8221;without_pattern&#8221; el_class=&#8221;txt_mentionslegales&#8221; z_index=&#8221;&#8221;][vc_column css=&#8221;.vc_custom_1604661451560{padding-bottom: 60px !important;}&#8221;][vc_column_text]Exp\u00e9dition en cartons de 6 bouteilles. R\u00e8glement au comptant net sans escompte \u00e0 r\u00e9ception de facture. Nous nous r\u00e9servons la propri\u00e9t\u00e9 des marchandises fournies jusqu\u2019au dernier jour de leur parfait paiement (loi du...\" \/>\n<meta property=\"og:url\" content=\"https:\/\/www.champagnewarisetfilles.com\/en\/conditions-generales-de-vente\/\" \/>\n<meta property=\"og:site_name\" content=\"Champagne Waris &amp; Filles\" \/>\n<meta property=\"article:modified_time\" content=\"2020-11-27T10:21:29+00:00\" \/>\n<meta name=\"twitter:card\" content=\"summary_large_image\" \/>\n<meta name=\"twitter:label1\" content=\"Est. reading time\" \/>\n\t<meta name=\"twitter:data1\" content=\"7 minutes\" \/>\n<script type=\"application\/ld+json\" class=\"yoast-schema-graph\">{\"@context\":\"https:\/\/schema.org\",\"@graph\":[{\"@type\":\"WebPage\",\"@id\":\"https:\/\/www.champagnewarisetfilles.com\/en\/conditions-generales-de-vente\/\",\"url\":\"https:\/\/www.champagnewarisetfilles.com\/en\/conditions-generales-de-vente\/\",\"name\":\"Conditions G\u00e9n\u00e9rales de Vente - Champagne Waris &amp; Filles\",\"isPartOf\":{\"@id\":\"https:\/\/www.champagnewarisetfilles.com\/en\/#website\"},\"datePublished\":\"2020-11-06T11:15:30+00:00\",\"dateModified\":\"2020-11-27T10:21:29+00:00\",\"breadcrumb\":{\"@id\":\"https:\/\/www.champagnewarisetfilles.com\/en\/conditions-generales-de-vente\/#breadcrumb\"},\"inLanguage\":\"en-US\",\"potentialAction\":[{\"@type\":\"ReadAction\",\"target\":[\"https:\/\/www.champagnewarisetfilles.com\/en\/conditions-generales-de-vente\/\"]}]},{\"@type\":\"BreadcrumbList\",\"@id\":\"https:\/\/www.champagnewarisetfilles.com\/en\/conditions-generales-de-vente\/#breadcrumb\",\"itemListElement\":[{\"@type\":\"ListItem\",\"position\":1,\"name\":\"Accueil\",\"item\":\"https:\/\/www.champagnewarisetfilles.com\/en\/\"},{\"@type\":\"ListItem\",\"position\":2,\"name\":\"Conditions G\u00e9n\u00e9rales de Vente\"}]},{\"@type\":\"WebSite\",\"@id\":\"https:\/\/www.champagnewarisetfilles.com\/en\/#website\",\"url\":\"https:\/\/www.champagnewarisetfilles.com\/en\/\",\"name\":\"Champagne Waris &amp; Filles\",\"description\":\"Just another WordPress site\",\"potentialAction\":[{\"@type\":\"SearchAction\",\"target\":{\"@type\":\"EntryPoint\",\"urlTemplate\":\"https:\/\/www.champagnewarisetfilles.com\/en\/?s={search_term_string}\"},\"query-input\":{\"@type\":\"PropertyValueSpecification\",\"valueRequired\":true,\"valueName\":\"search_term_string\"}}],\"inLanguage\":\"en-US\"}]}<\/script>\n<!-- \/ Yoast SEO plugin. -->","yoast_head_json":{"title":"Conditions G\u00e9n\u00e9rales de Vente - Champagne Waris &amp; Filles","robots":{"index":"index","follow":"follow","max-snippet":"max-snippet:-1","max-image-preview":"max-image-preview:large","max-video-preview":"max-video-preview:-1"},"canonical":"https:\/\/www.champagnewarisetfilles.com\/en\/conditions-generales-de-vente\/","og_locale":"en_US","og_type":"article","og_title":"Conditions G\u00e9n\u00e9rales de Vente - Champagne Waris &amp; Filles","og_description":"[vc_row css_animation=&#8221;&#8221; row_type=&#8221;row&#8221; use_row_as_full_screen_section=&#8221;no&#8221; type=&#8221;full_width&#8221; angled_section=&#8221;no&#8221; text_align=&#8221;left&#8221; background_image_as_pattern=&#8221;without_pattern&#8221; el_class=&#8221;txt_mentionslegales&#8221; z_index=&#8221;&#8221;][vc_column css=&#8221;.vc_custom_1604661451560{padding-bottom: 60px !important;}&#8221;][vc_column_text]Exp\u00e9dition en cartons de 6 bouteilles. R\u00e8glement au comptant net sans escompte \u00e0 r\u00e9ception de facture. Nous nous r\u00e9servons la propri\u00e9t\u00e9 des marchandises fournies jusqu\u2019au dernier jour de leur parfait paiement (loi du...","og_url":"https:\/\/www.champagnewarisetfilles.com\/en\/conditions-generales-de-vente\/","og_site_name":"Champagne Waris &amp; Filles","article_modified_time":"2020-11-27T10:21:29+00:00","twitter_card":"summary_large_image","twitter_misc":{"Est. reading time":"7 minutes"},"schema":{"@context":"https:\/\/schema.org","@graph":[{"@type":"WebPage","@id":"https:\/\/www.champagnewarisetfilles.com\/en\/conditions-generales-de-vente\/","url":"https:\/\/www.champagnewarisetfilles.com\/en\/conditions-generales-de-vente\/","name":"Conditions G\u00e9n\u00e9rales de Vente - Champagne Waris &amp; Filles","isPartOf":{"@id":"https:\/\/www.champagnewarisetfilles.com\/en\/#website"},"datePublished":"2020-11-06T11:15:30+00:00","dateModified":"2020-11-27T10:21:29+00:00","breadcrumb":{"@id":"https:\/\/www.champagnewarisetfilles.com\/en\/conditions-generales-de-vente\/#breadcrumb"},"inLanguage":"en-US","potentialAction":[{"@type":"ReadAction","target":["https:\/\/www.champagnewarisetfilles.com\/en\/conditions-generales-de-vente\/"]}]},{"@type":"BreadcrumbList","@id":"https:\/\/www.champagnewarisetfilles.com\/en\/conditions-generales-de-vente\/#breadcrumb","itemListElement":[{"@type":"ListItem","position":1,"name":"Accueil","item":"https:\/\/www.champagnewarisetfilles.com\/en\/"},{"@type":"ListItem","position":2,"name":"Conditions G\u00e9n\u00e9rales de Vente"}]},{"@type":"WebSite","@id":"https:\/\/www.champagnewarisetfilles.com\/en\/#website","url":"https:\/\/www.champagnewarisetfilles.com\/en\/","name":"Champagne Waris &amp; Filles","description":"Just another WordPress site","potentialAction":[{"@type":"SearchAction","target":{"@type":"EntryPoint","urlTemplate":"https:\/\/www.champagnewarisetfilles.com\/en\/?s={search_term_string}"},"query-input":{"@type":"PropertyValueSpecification","valueRequired":true,"valueName":"search_term_string"}}],"inLanguage":"en-US"}]}},"_links":{"self":[{"href":"https:\/\/www.champagnewarisetfilles.com\/en\/wp-json\/wp\/v2\/pages\/926","targetHints":{"allow":["GET"]}}],"collection":[{"href":"https:\/\/www.champagnewarisetfilles.com\/en\/wp-json\/wp\/v2\/pages"}],"about":[{"href":"https:\/\/www.champagnewarisetfilles.com\/en\/wp-json\/wp\/v2\/types\/page"}],"author":[{"embeddable":true,"href":"https:\/\/www.champagnewarisetfilles.com\/en\/wp-json\/wp\/v2\/users\/1"}],"replies":[{"embeddable":true,"href":"https:\/\/www.champagnewarisetfilles.com\/en\/wp-json\/wp\/v2\/comments?post=926"}],"version-history":[{"count":3,"href":"https:\/\/www.champagnewarisetfilles.com\/en\/wp-json\/wp\/v2\/pages\/926\/revisions"}],"predecessor-version":[{"id":983,"href":"https:\/\/www.champagnewarisetfilles.com\/en\/wp-json\/wp\/v2\/pages\/926\/revisions\/983"}],"wp:attachment":[{"href":"https:\/\/www.champagnewarisetfilles.com\/en\/wp-json\/wp\/v2\/media?parent=926"}],"curies":[{"name":"wp","href":"https:\/\/api.w.org\/{rel}","templated":true}]}}