{"id":729,"date":"2019-02-25T12:18:11","date_gmt":"2019-02-25T11:18:11","guid":{"rendered":"https:\/\/www.champagnewarisetfilles.com\/mentions-legales\/"},"modified":"2019-02-25T12:18:11","modified_gmt":"2019-02-25T11:18:11","slug":"mentions-legales","status":"publish","type":"page","link":"https:\/\/www.champagnewarisetfilles.com\/en\/mentions-legales\/","title":{"rendered":"Mentions l\u00e9gales"},"content":{"rendered":"<div class=\"wpb-content-wrapper\"><p>[vc_row css_animation=&#8221;&#8221; row_type=&#8221;row&#8221; use_row_as_full_screen_section=&#8221;no&#8221; type=&#8221;full_width&#8221; angled_section=&#8221;no&#8221; text_align=&#8221;left&#8221; background_image_as_pattern=&#8221;without_pattern&#8221; el_class=&#8221;txt_mentionslegales&#8221; z_index=&#8221;&#8221;][vc_column css=&#8221;.vc_custom_1553168096068{padding-bottom: 60px !important;}&#8221;][vc_column_text]<\/p>\n<h3><strong>Identification<\/strong><\/h3>\n<p>Conform\u00e9ment aux dispositions des articles 6-III et 19 de la loi pour la Confiance dans l\u2019\u00c9conomie Num\u00e9rique, nous vous informons que :<br \/>\nLe pr\u00e9sent site est la propri\u00e9t\u00e9 de Waris et Filles situ\u00e9 \u00e0 l\u2019adresse suivante :<\/p>\n<p>WARIS ET FILLES \/ adresse : 6 rue d\u2019Oger 51190 Avize<\/p>\n<p>CODE APE : 0161Z<\/p>\n<p>TVA INTRA COMMUNAUTAIRE :???<\/p>\n<p>N\u00b0 DE SIRET : 498 761 402<\/p>\n<p>Responsable de la publication : VIRGINIE ET BERTRAND WARIS<br \/>\nResponsable de la r\u00e9alisation graphique &amp; web design &amp; d\u00e9veloppement : Atelier de Signes<br \/>\nR\u00e9daction : Pascale Pauty<br \/>\nCr\u00e9dit photos \/ droit d\u2019utilisation : Shutterstock _FREDERIC SAUTAI<br \/>\nCoordonn\u00e9es de l\u2019h\u00e9bergeur du site : ovh.com<br \/>\n2 rue Kellermann BP 80157 59053 Roubaix cedex 1 \u2013 France<\/p>\n<p>&nbsp;<\/p>\n<h3><strong>Droits d\u2019auteur<\/strong><\/h3>\n<p>Les informations, documents et services de ce site sont prot\u00e9g\u00e9s par les lois sur les droits d\u2019auteur et\/ou la propri\u00e9t\u00e9 intellectuelle. Toute utilisation non-autoris\u00e9e de ceux-ci peut constituer une violation de ces lois. Sauf disposition explicite dans le pr\u00e9sent document, aucune partie des informations et documents du site ne peut \u00eatre reproduite sous quelque forme que ce soit et par quelque moyen que ce soit sans l\u2019autorisation \u00e9crite pr\u00e9alable de Virginie et Bertrand Waris.<\/p>\n<p>&nbsp;<\/p>\n<h3><strong>Limitation de responsabilit\u00e9<\/strong><\/h3>\n<p>Le site https:\/\/champagnewarisetfilles.com est utilis\u00e9 par l\u2019internaute \u00e0 ses propres risques et sous sa responsabilit\u00e9 exclusive. Waris et Filles ne pourra en aucun cas \u00eatre tenue responsable :<\/p>\n<p>\u2013 de tout dommage direct ou indirect, notamment en ce qui concerne les pertes de profits, le manque \u00e0 gagner, les pertes de client\u00e8le, de donn\u00e9es pouvant entre autres r\u00e9sulter de l\u2019utilisation du site, ou au contraire de l\u2019impossibilit\u00e9 de son utilisation<\/p>\n<p>\u2013 d\u2019un dysfonctionnement, d\u2019une indisponibilit\u00e9 d\u2019acc\u00e8s, d\u2019une mauvaise utilisation, d\u2019une mauvaise configuration de l\u2019ordinateur de l\u2019utilisateur, ou encore de l\u2019emploi d\u2019un navigateur peu usit\u00e9 par l\u2019utilisateur<\/p>\n<p>\u2013 du contenu des publicit\u00e9s et autres liens ou sources externes accessibles par l\u2019utilisateur \u00e0 partir du site[\/vc_column_text][\/vc_column][\/vc_row]<\/p>\n<\/div>","protected":false},"excerpt":{"rendered":"<p>[vc_row css_animation=&#8221;&#8221; row_type=&#8221;row&#8221; use_row_as_full_screen_section=&#8221;no&#8221; type=&#8221;full_width&#8221; angled_section=&#8221;no&#8221; text_align=&#8221;left&#8221; background_image_as_pattern=&#8221;without_pattern&#8221; el_class=&#8221;txt_mentionslegales&#8221; z_index=&#8221;&#8221;][vc_column css=&#8221;.vc_custom_1553168096068{padding-bottom: 60px !important;}&#8221;][vc_column_text] Identification Conform\u00e9ment aux dispositions des articles 6-III et 19 de la loi pour la Confiance dans l\u2019\u00c9conomie Num\u00e9rique, nous vous informons que : Le pr\u00e9sent site est la propri\u00e9t\u00e9 de Waris et&#8230;<\/p>\n","protected":false},"author":1,"featured_media":0,"parent":0,"menu_order":0,"comment_status":"closed","ping_status":"closed","template":"","meta":{"_acf_changed":false,"inline_featured_image":false,"footnotes":""},"class_list":["post-729","page","type-page","status-publish","hentry"],"acf":[],"yoast_head":"<!-- This site is optimized with the Yoast SEO plugin v27.1.1 - https:\/\/yoast.com\/product\/yoast-seo-wordpress\/ -->\n<title>Mentions l\u00e9gales - Champagne Waris &amp; Filles<\/title>\n<meta name=\"robots\" content=\"index, follow, max-snippet:-1, max-image-preview:large, max-video-preview:-1\" \/>\n<link rel=\"canonical\" href=\"https:\/\/www.champagnewarisetfilles.com\/en\/mentions-legales\/\" \/>\n<meta property=\"og:locale\" content=\"en_US\" \/>\n<meta property=\"og:type\" content=\"article\" \/>\n<meta property=\"og:title\" content=\"Mentions l\u00e9gales - Champagne Waris &amp; Filles\" \/>\n<meta property=\"og:description\" content=\"[vc_row css_animation=&#8221;&#8221; row_type=&#8221;row&#8221; use_row_as_full_screen_section=&#8221;no&#8221; type=&#8221;full_width&#8221; angled_section=&#8221;no&#8221; text_align=&#8221;left&#8221; background_image_as_pattern=&#8221;without_pattern&#8221; el_class=&#8221;txt_mentionslegales&#8221; z_index=&#8221;&#8221;][vc_column css=&#8221;.vc_custom_1553168096068{padding-bottom: 60px !important;}&#8221;][vc_column_text] Identification Conform\u00e9ment aux dispositions des articles 6-III et 19 de la loi pour la Confiance dans l\u2019\u00c9conomie Num\u00e9rique, nous vous informons que : Le pr\u00e9sent site est la propri\u00e9t\u00e9 de Waris et...\" \/>\n<meta property=\"og:url\" content=\"https:\/\/www.champagnewarisetfilles.com\/en\/mentions-legales\/\" \/>\n<meta property=\"og:site_name\" content=\"Champagne Waris &amp; Filles\" \/>\n<meta name=\"twitter:card\" content=\"summary_large_image\" \/>\n<meta name=\"twitter:label1\" content=\"Est. reading time\" \/>\n\t<meta name=\"twitter:data1\" content=\"2 minutes\" \/>\n<script type=\"application\/ld+json\" class=\"yoast-schema-graph\">{\"@context\":\"https:\/\/schema.org\",\"@graph\":[{\"@type\":\"WebPage\",\"@id\":\"https:\/\/www.champagnewarisetfilles.com\/en\/mentions-legales\/\",\"url\":\"https:\/\/www.champagnewarisetfilles.com\/en\/mentions-legales\/\",\"name\":\"Mentions l\u00e9gales - Champagne Waris &amp; Filles\",\"isPartOf\":{\"@id\":\"https:\/\/www.champagnewarisetfilles.com\/en\/#website\"},\"datePublished\":\"2019-02-25T11:18:11+00:00\",\"breadcrumb\":{\"@id\":\"https:\/\/www.champagnewarisetfilles.com\/en\/mentions-legales\/#breadcrumb\"},\"inLanguage\":\"en-US\",\"potentialAction\":[{\"@type\":\"ReadAction\",\"target\":[\"https:\/\/www.champagnewarisetfilles.com\/en\/mentions-legales\/\"]}]},{\"@type\":\"BreadcrumbList\",\"@id\":\"https:\/\/www.champagnewarisetfilles.com\/en\/mentions-legales\/#breadcrumb\",\"itemListElement\":[{\"@type\":\"ListItem\",\"position\":1,\"name\":\"Accueil\",\"item\":\"https:\/\/www.champagnewarisetfilles.com\/en\/\"},{\"@type\":\"ListItem\",\"position\":2,\"name\":\"Mentions l\u00e9gales\"}]},{\"@type\":\"WebSite\",\"@id\":\"https:\/\/www.champagnewarisetfilles.com\/en\/#website\",\"url\":\"https:\/\/www.champagnewarisetfilles.com\/en\/\",\"name\":\"Champagne Waris &amp; Filles\",\"description\":\"Just another WordPress site\",\"potentialAction\":[{\"@type\":\"SearchAction\",\"target\":{\"@type\":\"EntryPoint\",\"urlTemplate\":\"https:\/\/www.champagnewarisetfilles.com\/en\/?s={search_term_string}\"},\"query-input\":{\"@type\":\"PropertyValueSpecification\",\"valueRequired\":true,\"valueName\":\"search_term_string\"}}],\"inLanguage\":\"en-US\"}]}<\/script>\n<!-- \/ Yoast SEO plugin. -->","yoast_head_json":{"title":"Mentions l\u00e9gales - Champagne Waris &amp; Filles","robots":{"index":"index","follow":"follow","max-snippet":"max-snippet:-1","max-image-preview":"max-image-preview:large","max-video-preview":"max-video-preview:-1"},"canonical":"https:\/\/www.champagnewarisetfilles.com\/en\/mentions-legales\/","og_locale":"en_US","og_type":"article","og_title":"Mentions l\u00e9gales - Champagne Waris &amp; Filles","og_description":"[vc_row css_animation=&#8221;&#8221; row_type=&#8221;row&#8221; use_row_as_full_screen_section=&#8221;no&#8221; type=&#8221;full_width&#8221; angled_section=&#8221;no&#8221; text_align=&#8221;left&#8221; background_image_as_pattern=&#8221;without_pattern&#8221; el_class=&#8221;txt_mentionslegales&#8221; z_index=&#8221;&#8221;][vc_column css=&#8221;.vc_custom_1553168096068{padding-bottom: 60px !important;}&#8221;][vc_column_text] Identification Conform\u00e9ment aux dispositions des articles 6-III et 19 de la loi pour la Confiance dans l\u2019\u00c9conomie Num\u00e9rique, nous vous informons que : Le pr\u00e9sent site est la propri\u00e9t\u00e9 de Waris et...","og_url":"https:\/\/www.champagnewarisetfilles.com\/en\/mentions-legales\/","og_site_name":"Champagne Waris &amp; Filles","twitter_card":"summary_large_image","twitter_misc":{"Est. reading time":"2 minutes"},"schema":{"@context":"https:\/\/schema.org","@graph":[{"@type":"WebPage","@id":"https:\/\/www.champagnewarisetfilles.com\/en\/mentions-legales\/","url":"https:\/\/www.champagnewarisetfilles.com\/en\/mentions-legales\/","name":"Mentions l\u00e9gales - Champagne Waris &amp; Filles","isPartOf":{"@id":"https:\/\/www.champagnewarisetfilles.com\/en\/#website"},"datePublished":"2019-02-25T11:18:11+00:00","breadcrumb":{"@id":"https:\/\/www.champagnewarisetfilles.com\/en\/mentions-legales\/#breadcrumb"},"inLanguage":"en-US","potentialAction":[{"@type":"ReadAction","target":["https:\/\/www.champagnewarisetfilles.com\/en\/mentions-legales\/"]}]},{"@type":"BreadcrumbList","@id":"https:\/\/www.champagnewarisetfilles.com\/en\/mentions-legales\/#breadcrumb","itemListElement":[{"@type":"ListItem","position":1,"name":"Accueil","item":"https:\/\/www.champagnewarisetfilles.com\/en\/"},{"@type":"ListItem","position":2,"name":"Mentions l\u00e9gales"}]},{"@type":"WebSite","@id":"https:\/\/www.champagnewarisetfilles.com\/en\/#website","url":"https:\/\/www.champagnewarisetfilles.com\/en\/","name":"Champagne Waris &amp; Filles","description":"Just another WordPress site","potentialAction":[{"@type":"SearchAction","target":{"@type":"EntryPoint","urlTemplate":"https:\/\/www.champagnewarisetfilles.com\/en\/?s={search_term_string}"},"query-input":{"@type":"PropertyValueSpecification","valueRequired":true,"valueName":"search_term_string"}}],"inLanguage":"en-US"}]}},"_links":{"self":[{"href":"https:\/\/www.champagnewarisetfilles.com\/en\/wp-json\/wp\/v2\/pages\/729","targetHints":{"allow":["GET"]}}],"collection":[{"href":"https:\/\/www.champagnewarisetfilles.com\/en\/wp-json\/wp\/v2\/pages"}],"about":[{"href":"https:\/\/www.champagnewarisetfilles.com\/en\/wp-json\/wp\/v2\/types\/page"}],"author":[{"embeddable":true,"href":"https:\/\/www.champagnewarisetfilles.com\/en\/wp-json\/wp\/v2\/users\/1"}],"replies":[{"embeddable":true,"href":"https:\/\/www.champagnewarisetfilles.com\/en\/wp-json\/wp\/v2\/comments?post=729"}],"version-history":[{"count":0,"href":"https:\/\/www.champagnewarisetfilles.com\/en\/wp-json\/wp\/v2\/pages\/729\/revisions"}],"wp:attachment":[{"href":"https:\/\/www.champagnewarisetfilles.com\/en\/wp-json\/wp\/v2\/media?parent=729"}],"curies":[{"name":"wp","href":"https:\/\/api.w.org\/{rel}","templated":true}]}}