{"id":664,"date":"2019-02-20T15:04:17","date_gmt":"2019-02-20T15:04:17","guid":{"rendered":"https:\/\/www.champagnewarisetfilles.com\/origines\/"},"modified":"2021-04-30T10:08:57","modified_gmt":"2021-04-30T08:08:57","slug":"origins","status":"publish","type":"page","link":"https:\/\/www.champagnewarisetfilles.com\/en\/origins\/","title":{"rendered":"Origins"},"content":{"rendered":"<div class=\"wpb-content-wrapper\"><p>[vc_row css_animation=&#8221;&#8221; row_type=&#8221;row&#8221; use_row_as_full_screen_section=&#8221;no&#8221; type=&#8221;full_width&#8221; angled_section=&#8221;no&#8221; text_align=&#8221;left&#8221; background_image_as_pattern=&#8221;without_pattern&#8221; el_class=&#8221;row_display_desktop&#8221; z_index=&#8221;&#8221;][vc_column][qode_vertical_split_slider][qode_vertical_right_sliding_panel][qode_vertical_slide_content_item aligment=&#8221;left&#8221; item_padding=&#8221;50px&#8221;][vc_column_text el_class=&#8221;txt_cuvee&#8221;]<\/p>\n<h3>Our story<\/h3>\n<p>[\/vc_column_text][vc_column_text el_class=&#8221;txt_width&#8221;]Following business studies for me, Virginie, and viticulture studies for Bertrand, we spent five years in Provence working amongst the vineyards and olive groves. We were eventually swept up by our heritage; our family history. Seven hectares of vineyards in Champagne is our precious legacy and our great responsibilty which demands of our loving and giving in equal measures. <strong><em>We consider ourselves artisan winemakers, happy and proud to raise our vines and to produce our wines with infinite care and with a deep sense of satisfaction in a job well done.<\/em><\/strong>[\/vc_column_text][\/qode_vertical_slide_content_item][qode_vertical_slide_content_item aligment=&#8221;left&#8221; background_image=&#8221;450&#8243;][vc_column_text][\/vc_column_text][\/qode_vertical_slide_content_item][qode_vertical_slide_content_item aligment=&#8221;left&#8221; item_padding=&#8221;50px&#8221;][vc_column_text el_class=&#8221;txt_cuvee&#8221;]<\/p>\n<h3>Our mission<\/h3>\n<p>[\/vc_column_text][vc_column_text el_class=&#8221;txt_width&#8221;]Throughout the growing cycle, we manage our vineyards with care and consideration. We use only 100% organic fertilizer, never introducing chemical pesticides into the soil or vines. This way of working the land, with patience and perseverance, enables the vines to spread their roots deep into the earth thus making the best of the nutrients in the soil. Our methods are fully in-keeping with the rules of the Champagne region, our reward being the strong and healthy growth of our plants; the plumpness and rich colour of our grapes; and the simple pleasure of harvesting the resultant exquisite treasure by hand.[\/vc_column_text][\/qode_vertical_slide_content_item][\/qode_vertical_right_sliding_panel][qode_vertical_left_sliding_panel][qode_vertical_slide_content_item aligment=&#8221;left&#8221; background_image=&#8221;442&#8243;][vc_single_image image=&#8221;710&#8243; img_size=&#8221;full&#8221; alignment=&#8221;right&#8221; qode_css_animation=&#8221;&#8221; el_class=&#8221;typo_qsn&#8221;][\/qode_vertical_slide_content_item][qode_vertical_slide_content_item aligment=&#8221;left&#8221; item_padding=&#8221;50px&#8221;][vc_column_text el_class=&#8221;txt_cuvee&#8221;]<\/p>\n<h3>Our vineyard<\/h3>\n<p>[\/vc_column_text][vc_column_text el_class=&#8221;txt_width&#8221;]We are the fourth generation to cultivate nearly seven hectares of land dotted through different regions of Champagne. Our vineyard is made up of 25% Chardonnay (C\u00f4te des Blancs and S\u00e9zannais); 68% Pinot Noir (S\u00e9zannais, \u00c9pernay and Aube); and 8% Pinot Meunier (Ardre Valley). These discrete terrains and their soils, now classified as World Heritage sites by UNESCO, enable us to vinify these three Champagne grape varieties. This diversity of soil and climate is the secret to the rich aromatic notes of our champagnes.[\/vc_column_text][\/qode_vertical_slide_content_item][qode_vertical_slide_content_item aligment=&#8221;left&#8221; background_image=&#8221;458&#8243;][vc_column_text][\/vc_column_text][\/qode_vertical_slide_content_item][\/qode_vertical_left_sliding_panel][\/qode_vertical_split_slider][\/vc_column][\/vc_row][vc_row css_animation=&#8221;&#8221; row_type=&#8221;row&#8221; use_row_as_full_screen_section=&#8221;no&#8221; type=&#8221;full_width&#8221; angled_section=&#8221;no&#8221; text_align=&#8221;left&#8221; background_image_as_pattern=&#8221;without_pattern&#8221; el_class=&#8221;row_display_mobile&#8221; z_index=&#8221;&#8221;][vc_column][vc_single_image image=&#8221;753&#8243; img_size=&#8221;full&#8221; alignment=&#8221;center&#8221; qode_css_animation=&#8221;&#8221;][vc_column_text el_class=&#8221;txt_cuvee&#8221; css=&#8221;.vc_custom_1555505901078{padding-top: 50px !important;padding-right: 50px !important;padding-left: 50px !important;}&#8221;]<\/p>\n<h3>Our story<\/h3>\n<p>[\/vc_column_text][vc_column_text css=&#8221;.vc_custom_1555505923894{padding-right: 50px !important;padding-bottom: 50px !important;padding-left: 50px !important;}&#8221;]Following business studies for me, Virginie, and viticulture studies for Bertrand, we spent five years in Provence working amongst the vineyards and olive groves. We were eventually swept up by our heritage; our family history. Seven hectares of vineyards in Champagne is our precious legacy and our great responsibilty which demands of our loving and giving in equal measures. <strong><em>We consider ourselves artisan winemakers, happy and proud to raise our vines and to produce our wines with infinite care and with a deep sense of satisfaction in a job well done.<\/em><\/strong>[\/vc_column_text][vc_single_image image=&#8221;756&#8243; img_size=&#8221;full&#8221; alignment=&#8221;center&#8221; qode_css_animation=&#8221;&#8221;][vc_column_text el_class=&#8221;txt_cuvee&#8221; css=&#8221;.vc_custom_1555505947551{padding-top: 50px !important;padding-right: 50px !important;padding-left: 50px !important;}&#8221;]<\/p>\n<h3>Our vineyard<\/h3>\n<p>[\/vc_column_text][vc_column_text css=&#8221;.vc_custom_1619770120946{padding-right: 50px !important;padding-bottom: 50px !important;padding-left: 50px !important;}&#8221;]We are the fourth generation to cultivate nearly seven hectares of land dotted through different regions of Champagne. Our vineyard is made up of 25% Chardonnay (C\u00f4te des Blancs and S\u00e9zannais); 68% Pinot Noir (S\u00e9zannais, \u00c9pernay and Aube); and 8% Pinot Meunier (Ardre Valley). These discrete terrains and their soils, now classified as World Heritage sites by UNESCO, enable us to vinify these three Champagne grape varieties. This diversity of soil and climate is the secret to the rich aromatic notes of our champagnes.[\/vc_column_text][vc_single_image image=&#8221;758&#8243; img_size=&#8221;full&#8221; alignment=&#8221;center&#8221; qode_css_animation=&#8221;&#8221;][vc_column_text el_class=&#8221;txt_cuvee&#8221; css=&#8221;.vc_custom_1555505985110{padding-top: 50px !important;padding-right: 50px !important;padding-left: 50px !important;}&#8221;]<\/p>\n<h3>Our mission<\/h3>\n<p>[\/vc_column_text][vc_column_text css=&#8221;.vc_custom_1555506015573{padding-right: 50px !important;padding-bottom: 50px !important;padding-left: 50px !important;}&#8221;]Throughout the growing cycle, we manage our vineyards with care and consideration. We use only 100% organic fertilizer, never introducing chemical pesticides into the soil or vines. This way of working the land, with patience and perseverance, enables the vines to spread their roots deep into the earth thus making the best of the nutrients in the soil. Our methods are fully in-keeping with the rules of the Champagne region, our reward being the strong and healthy growth of our plants; the plumpness and rich colour of our grapes; and the simple pleasure of harvesting the resultant exquisite treasure by hand.[\/vc_column_text][\/vc_column][\/vc_row]<\/p>\n<\/div>","protected":false},"excerpt":{"rendered":"<p>[vc_row css_animation=&#8221;&#8221; row_type=&#8221;row&#8221; use_row_as_full_screen_section=&#8221;no&#8221; type=&#8221;full_width&#8221; angled_section=&#8221;no&#8221; text_align=&#8221;left&#8221; background_image_as_pattern=&#8221;without_pattern&#8221; el_class=&#8221;row_display_desktop&#8221; z_index=&#8221;&#8221;][vc_column][qode_vertical_split_slider][qode_vertical_right_sliding_panel][qode_vertical_slide_content_item aligment=&#8221;left&#8221; item_padding=&#8221;50px&#8221;][vc_column_text el_class=&#8221;txt_cuvee&#8221;] Our story [\/vc_column_text][vc_column_text el_class=&#8221;txt_width&#8221;]Following business studies for me, Virginie, and viticulture studies for Bertrand, we spent five years in Provence working amongst the vineyards and olive groves. We were eventually swept up&#8230;<\/p>\n","protected":false},"author":1,"featured_media":0,"parent":0,"menu_order":0,"comment_status":"closed","ping_status":"closed","template":"full_width.php","meta":{"_acf_changed":false,"inline_featured_image":false,"footnotes":""},"class_list":["post-664","page","type-page","status-publish","hentry"],"acf":[],"yoast_head":"<!-- This site is optimized with the Yoast SEO plugin v27.1.1 - https:\/\/yoast.com\/product\/yoast-seo-wordpress\/ -->\n<title>Origins - Champagne Waris &amp; Filles<\/title>\n<meta name=\"robots\" content=\"index, follow, max-snippet:-1, max-image-preview:large, max-video-preview:-1\" \/>\n<link rel=\"canonical\" href=\"https:\/\/www.champagnewarisetfilles.com\/en\/origins\/\" \/>\n<meta property=\"og:locale\" content=\"en_US\" \/>\n<meta property=\"og:type\" content=\"article\" \/>\n<meta property=\"og:title\" content=\"Origins - Champagne Waris &amp; Filles\" \/>\n<meta property=\"og:description\" content=\"[vc_row css_animation=&#8221;&#8221; row_type=&#8221;row&#8221; use_row_as_full_screen_section=&#8221;no&#8221; type=&#8221;full_width&#8221; angled_section=&#8221;no&#8221; text_align=&#8221;left&#8221; background_image_as_pattern=&#8221;without_pattern&#8221; el_class=&#8221;row_display_desktop&#8221; z_index=&#8221;&#8221;][vc_column][qode_vertical_split_slider][qode_vertical_right_sliding_panel][qode_vertical_slide_content_item aligment=&#8221;left&#8221; item_padding=&#8221;50px&#8221;][vc_column_text el_class=&#8221;txt_cuvee&#8221;] Our story [\/vc_column_text][vc_column_text el_class=&#8221;txt_width&#8221;]Following business studies for me, Virginie, and viticulture studies for Bertrand, we spent five years in Provence working amongst the vineyards and olive groves. We were eventually swept up...\" \/>\n<meta property=\"og:url\" content=\"https:\/\/www.champagnewarisetfilles.com\/en\/origins\/\" \/>\n<meta property=\"og:site_name\" content=\"Champagne Waris &amp; Filles\" \/>\n<meta property=\"article:modified_time\" content=\"2021-04-30T08:08:57+00:00\" \/>\n<meta name=\"twitter:card\" content=\"summary_large_image\" \/>\n<meta name=\"twitter:label1\" content=\"Est. reading time\" \/>\n\t<meta name=\"twitter:data1\" content=\"5 minutes\" \/>\n<script type=\"application\/ld+json\" class=\"yoast-schema-graph\">{\"@context\":\"https:\/\/schema.org\",\"@graph\":[{\"@type\":\"WebPage\",\"@id\":\"https:\/\/www.champagnewarisetfilles.com\/en\/origins\/\",\"url\":\"https:\/\/www.champagnewarisetfilles.com\/en\/origins\/\",\"name\":\"Origins - Champagne Waris &amp; Filles\",\"isPartOf\":{\"@id\":\"https:\/\/www.champagnewarisetfilles.com\/en\/#website\"},\"datePublished\":\"2019-02-20T15:04:17+00:00\",\"dateModified\":\"2021-04-30T08:08:57+00:00\",\"breadcrumb\":{\"@id\":\"https:\/\/www.champagnewarisetfilles.com\/en\/origins\/#breadcrumb\"},\"inLanguage\":\"en-US\",\"potentialAction\":[{\"@type\":\"ReadAction\",\"target\":[\"https:\/\/www.champagnewarisetfilles.com\/en\/origins\/\"]}]},{\"@type\":\"BreadcrumbList\",\"@id\":\"https:\/\/www.champagnewarisetfilles.com\/en\/origins\/#breadcrumb\",\"itemListElement\":[{\"@type\":\"ListItem\",\"position\":1,\"name\":\"Accueil\",\"item\":\"https:\/\/www.champagnewarisetfilles.com\/en\/\"},{\"@type\":\"ListItem\",\"position\":2,\"name\":\"Origins\"}]},{\"@type\":\"WebSite\",\"@id\":\"https:\/\/www.champagnewarisetfilles.com\/en\/#website\",\"url\":\"https:\/\/www.champagnewarisetfilles.com\/en\/\",\"name\":\"Champagne Waris &amp; Filles\",\"description\":\"Just another WordPress site\",\"potentialAction\":[{\"@type\":\"SearchAction\",\"target\":{\"@type\":\"EntryPoint\",\"urlTemplate\":\"https:\/\/www.champagnewarisetfilles.com\/en\/?s={search_term_string}\"},\"query-input\":{\"@type\":\"PropertyValueSpecification\",\"valueRequired\":true,\"valueName\":\"search_term_string\"}}],\"inLanguage\":\"en-US\"}]}<\/script>\n<!-- \/ Yoast SEO plugin. -->","yoast_head_json":{"title":"Origins - Champagne Waris &amp; Filles","robots":{"index":"index","follow":"follow","max-snippet":"max-snippet:-1","max-image-preview":"max-image-preview:large","max-video-preview":"max-video-preview:-1"},"canonical":"https:\/\/www.champagnewarisetfilles.com\/en\/origins\/","og_locale":"en_US","og_type":"article","og_title":"Origins - Champagne Waris &amp; Filles","og_description":"[vc_row css_animation=&#8221;&#8221; row_type=&#8221;row&#8221; use_row_as_full_screen_section=&#8221;no&#8221; type=&#8221;full_width&#8221; angled_section=&#8221;no&#8221; text_align=&#8221;left&#8221; background_image_as_pattern=&#8221;without_pattern&#8221; el_class=&#8221;row_display_desktop&#8221; z_index=&#8221;&#8221;][vc_column][qode_vertical_split_slider][qode_vertical_right_sliding_panel][qode_vertical_slide_content_item aligment=&#8221;left&#8221; item_padding=&#8221;50px&#8221;][vc_column_text el_class=&#8221;txt_cuvee&#8221;] Our story [\/vc_column_text][vc_column_text el_class=&#8221;txt_width&#8221;]Following business studies for me, Virginie, and viticulture studies for Bertrand, we spent five years in Provence working amongst the vineyards and olive groves. We were eventually swept up...","og_url":"https:\/\/www.champagnewarisetfilles.com\/en\/origins\/","og_site_name":"Champagne Waris &amp; Filles","article_modified_time":"2021-04-30T08:08:57+00:00","twitter_card":"summary_large_image","twitter_misc":{"Est. reading time":"5 minutes"},"schema":{"@context":"https:\/\/schema.org","@graph":[{"@type":"WebPage","@id":"https:\/\/www.champagnewarisetfilles.com\/en\/origins\/","url":"https:\/\/www.champagnewarisetfilles.com\/en\/origins\/","name":"Origins - Champagne Waris &amp; Filles","isPartOf":{"@id":"https:\/\/www.champagnewarisetfilles.com\/en\/#website"},"datePublished":"2019-02-20T15:04:17+00:00","dateModified":"2021-04-30T08:08:57+00:00","breadcrumb":{"@id":"https:\/\/www.champagnewarisetfilles.com\/en\/origins\/#breadcrumb"},"inLanguage":"en-US","potentialAction":[{"@type":"ReadAction","target":["https:\/\/www.champagnewarisetfilles.com\/en\/origins\/"]}]},{"@type":"BreadcrumbList","@id":"https:\/\/www.champagnewarisetfilles.com\/en\/origins\/#breadcrumb","itemListElement":[{"@type":"ListItem","position":1,"name":"Accueil","item":"https:\/\/www.champagnewarisetfilles.com\/en\/"},{"@type":"ListItem","position":2,"name":"Origins"}]},{"@type":"WebSite","@id":"https:\/\/www.champagnewarisetfilles.com\/en\/#website","url":"https:\/\/www.champagnewarisetfilles.com\/en\/","name":"Champagne Waris &amp; Filles","description":"Just another WordPress site","potentialAction":[{"@type":"SearchAction","target":{"@type":"EntryPoint","urlTemplate":"https:\/\/www.champagnewarisetfilles.com\/en\/?s={search_term_string}"},"query-input":{"@type":"PropertyValueSpecification","valueRequired":true,"valueName":"search_term_string"}}],"inLanguage":"en-US"}]}},"_links":{"self":[{"href":"https:\/\/www.champagnewarisetfilles.com\/en\/wp-json\/wp\/v2\/pages\/664","targetHints":{"allow":["GET"]}}],"collection":[{"href":"https:\/\/www.champagnewarisetfilles.com\/en\/wp-json\/wp\/v2\/pages"}],"about":[{"href":"https:\/\/www.champagnewarisetfilles.com\/en\/wp-json\/wp\/v2\/types\/page"}],"author":[{"embeddable":true,"href":"https:\/\/www.champagnewarisetfilles.com\/en\/wp-json\/wp\/v2\/users\/1"}],"replies":[{"embeddable":true,"href":"https:\/\/www.champagnewarisetfilles.com\/en\/wp-json\/wp\/v2\/comments?post=664"}],"version-history":[{"count":3,"href":"https:\/\/www.champagnewarisetfilles.com\/en\/wp-json\/wp\/v2\/pages\/664\/revisions"}],"predecessor-version":[{"id":1532,"href":"https:\/\/www.champagnewarisetfilles.com\/en\/wp-json\/wp\/v2\/pages\/664\/revisions\/1532"}],"wp:attachment":[{"href":"https:\/\/www.champagnewarisetfilles.com\/en\/wp-json\/wp\/v2\/media?parent=664"}],"curies":[{"name":"wp","href":"https:\/\/api.w.org\/{rel}","templated":true}]}}